{"id":819,"date":"2022-01-09T16:47:46","date_gmt":"2022-01-09T16:47:46","guid":{"rendered":"https:\/\/laescoleta.com\/?page_id=819"},"modified":"2023-01-15T21:29:47","modified_gmt":"2023-01-15T21:29:47","slug":"preguntes-frequents","status":"publish","type":"page","link":"https:\/\/laescoleta.com\/ca\/preguntes-frequents\/","title":{"rendered":"Preguntes freq\u00fcents"},"content":{"rendered":"[vc_row type=&#8221;full_width_background&#8221; full_screen_row_position=&#8221;middle&#8221; column_margin=&#8221;default&#8221; equal_height=&#8221;yes&#8221; content_placement=&#8221;top&#8221; column_direction=&#8221;default&#8221; column_direction_tablet=&#8221;default&#8221; column_direction_phone=&#8221;default&#8221; bg_color=&#8221;#0067c4&#8243; bg_image=&#8221;754&#8243; bg_position=&#8221;center center&#8221; background_image_loading=&#8221;default&#8221; bg_repeat=&#8221;no-repeat&#8221; scene_position=&#8221;center&#8221; top_padding=&#8221;7%&#8221; bottom_padding=&#8221;7%&#8221; text_color=&#8221;light&#8221; text_align=&#8221;left&#8221; row_border_radius=&#8221;none&#8221; row_border_radius_applies=&#8221;bg&#8221; overflow=&#8221;visible&#8221; enable_gradient=&#8221;true&#8221; color_overlay=&#8221;#0067c4&#8243; color_overlay_2=&#8221;rgba(0,103,196,0.96)&#8221; advanced_gradient_angle=&#8221;0&#8243; overlay_strength=&#8221;0.95&#8243; gradient_direction=&#8221;top_to_bottom&#8221; shape_divider_position=&#8221;bottom&#8221; bg_image_animation=&#8221;none&#8221; parallax_bg=&#8221;true&#8221; parallax_bg_speed=&#8221;fast&#8221; shape_type=&#8221;curve_opacity&#8221; gradient_type=&#8221;default&#8221;][vc_column column_padding=&#8221;padding-5-percent&#8221; column_padding_tablet=&#8221;inherit&#8221; column_padding_phone=&#8221;inherit&#8221; column_padding_position=&#8221;bottom&#8221; column_element_spacing=&#8221;default&#8221; centered_text=&#8221;true&#8221; background_color_opacity=&#8221;1&#8243; background_hover_color_opacity=&#8221;1&#8243; font_color=&#8221;#ffd100&#8243; column_shadow=&#8221;none&#8221; column_border_radius=&#8221;none&#8221; column_link_target=&#8221;_self&#8221; column_position=&#8221;default&#8221; advanced_gradient_angle=&#8221;0&#8243; gradient_direction=&#8221;left_to_right&#8221; overlay_strength=&#8221;0.3&#8243; width=&#8221;1\/1&#8243; tablet_width_inherit=&#8221;default&#8221; tablet_text_alignment=&#8221;default&#8221; phone_text_alignment=&#8221;default&#8221; animation_type=&#8221;default&#8221; bg_image_animation=&#8221;none&#8221; border_type=&#8221;simple&#8221; column_border_width=&#8221;none&#8221; column_border_style=&#8221;solid&#8221; gradient_type=&#8221;default&#8221;][vc_column_text css=&#8221;.vc_custom_1641710114595{margin-bottom: 30px !important;}&#8221;]\n<h1 style=\"text-align: center;\">L&#8217;Escoleta CEI Campanar<\/h1>\n<h3 style=\"text-align: center;\">Preguntes freq\u00fcents<\/h3>\n[\/vc_column_text][\/vc_column][vc_column column_padding=&#8221;padding-2-percent&#8221; column_padding_tablet=&#8221;inherit&#8221; column_padding_phone=&#8221;inherit&#8221; column_padding_position=&#8221;right&#8221; column_element_spacing=&#8221;default&#8221; background_color_opacity=&#8221;1&#8243; background_hover_color_opacity=&#8221;1&#8243; column_shadow=&#8221;none&#8221; column_border_radius=&#8221;none&#8221; column_link_target=&#8221;_self&#8221; column_position=&#8221;default&#8221; gradient_direction=&#8221;left_to_right&#8221; overlay_strength=&#8221;0.3&#8243; width=&#8221;1\/3&#8243; tablet_width_inherit=&#8221;default&#8221; tablet_text_alignment=&#8221;default&#8221; phone_text_alignment=&#8221;default&#8221; animation_type=&#8221;default&#8221; bg_image_animation=&#8221;none&#8221; border_type=&#8221;simple&#8221; column_border_width=&#8221;none&#8221; column_border_style=&#8221;solid&#8221;][toggles style=&#8221;minimal_small&#8221; accordion=&#8221;true&#8221; accordion_starting_functionality=&#8221;default&#8221;][toggle color=&#8221;Default&#8221; title=&#8221;Com \u00e9s el vostre Centre : Privat o concertat?&#8221;][vc_column_text]El nostre centre est\u00e0 dividit, Primer cicle \u00e9s centre privat i el 2n cicle \u00e9s concertat. Per aix\u00f2 cal tornar a baremar quan passaran a 2n cicle.[\/vc_column_text][\/toggle][toggle color=&#8221;Default&#8221; title=&#8221;Qu\u00e8 vol dir Primer Cicle?&#8221;][vc_column_text]Grups de nens i nenes de 1 i 2 anys[\/vc_column_text][\/toggle][toggle color=&#8221;Default&#8221; title=&#8221;Qu\u00e8 vol dir Segon Cicle?&#8221;][vc_column_text]Grups de nens i nenes de 3, 4 i 5 anys.[\/vc_column_text][\/toggle][toggle color=&#8221;Default&#8221; title=&#8221;Quins criteris s&#8217;apliquen per entrar a l&#8217;escola?&#8221;][vc_column_text]Baremaci\u00f3 segons Conselleria (germans al centre, germans a Jesu\u00eftes, fam\u00edlia nombrosa, monoparental, minusvalideses, treballador del centre o de Jesu\u00eftes\u2026).[\/vc_column_text][\/toggle][toggle color=&#8221;Default&#8221; title=&#8221;Quin \u00e9s l&#8217;horari escolar?&#8221;][vc_column_text]De 9h a 17h con comedor.<br \/>\nDe9 a 12h y de 15h a 17h sin comedor.<br \/>\nHorario Especial de 7,30h a 9h.<br \/>\n[\/vc_column_text][\/toggle][toggle color=&#8221;Default&#8221; title=&#8221;Tot el professorat treballa de la mateixa manera a l&#8217;aula?&#8221;][vc_column_text]Hi ha coordinaci\u00f3 per edats, cicle i etapa.[\/vc_column_text][\/toggle][\/toggles][\/vc_column][vc_column column_padding=&#8221;padding-2-percent&#8221; column_padding_tablet=&#8221;inherit&#8221; column_padding_phone=&#8221;inherit&#8221; column_padding_position=&#8221;left-right&#8221; column_element_spacing=&#8221;default&#8221; background_color_opacity=&#8221;1&#8243; background_hover_color_opacity=&#8221;1&#8243; column_shadow=&#8221;none&#8221; column_border_radius=&#8221;none&#8221; column_link_target=&#8221;_self&#8221; column_position=&#8221;default&#8221; advanced_gradient_angle=&#8221;0&#8243; gradient_direction=&#8221;left_to_right&#8221; overlay_strength=&#8221;0.3&#8243; width=&#8221;1\/3&#8243; tablet_width_inherit=&#8221;default&#8221; tablet_text_alignment=&#8221;default&#8221; phone_text_alignment=&#8221;default&#8221; animation_type=&#8221;default&#8221; bg_image_animation=&#8221;none&#8221; border_type=&#8221;simple&#8221; column_border_width=&#8221;none&#8221; column_border_style=&#8221;solid&#8221; gradient_type=&#8221;default&#8221;][toggles style=&#8221;minimal_small&#8221; accordion=&#8221;true&#8221; accordion_starting_functionality=&#8221;default&#8221;][toggle color=&#8221;Default&#8221; title=&#8221;Tinc punts si s\u00f3c antic alumne de l&#8217;escola o de Escuelas San Jos\u00e9?&#8221;][vc_column_text]No hi ha punts.[\/vc_column_text][\/toggle][toggle color=&#8221;Default&#8221; title=&#8221;Els men\u00fas s&#8217;elaboren a l&#8217;escola?&#8221;][vc_column_text] S\u00ed, tenim cuina pr\u00f2pia, amb men\u00fas supervisats per nutricionistes i adaptats a les edats dels nens i nenes del centre.[\/vc_column_text][\/toggle][toggle color=&#8221;Default&#8221; title=&#8221;On mengen els nens i nenes?&#8221;][vc_column_text]A la vostra pr\u00f2pia aula.[\/vc_column_text][\/toggle][toggle color=&#8221;Default&#8221; title=&#8221;Hi ha men\u00fas adaptats per a nens i nenes amb intoler\u00e0ncies i\/o al\u00b7l\u00e8rgies?&#8221;][vc_column_text]S\u00ed[\/vc_column_text][\/toggle][toggle color=&#8221;Default&#8221; title=&#8221;Quin \u00e9s el projecte ling\u00fc\u00edstic del centre?&#8221;][vc_column_text]Valenci\u00e0 36% \u2013 Castell\u00e0 56% \u2013 Angl\u00e8s10%[\/vc_column_text][\/toggle][\/toggles][\/vc_column][vc_column column_padding=&#8221;no-extra-padding&#8221; column_padding_tablet=&#8221;inherit&#8221; column_padding_phone=&#8221;inherit&#8221; column_padding_position=&#8221;all&#8221; column_element_spacing=&#8221;default&#8221; background_color_opacity=&#8221;1&#8243; background_hover_color_opacity=&#8221;1&#8243; column_shadow=&#8221;none&#8221; column_border_radius=&#8221;none&#8221; column_link_target=&#8221;_self&#8221; column_position=&#8221;default&#8221; advanced_gradient_angle=&#8221;0&#8243; gradient_direction=&#8221;left_to_right&#8221; overlay_strength=&#8221;0.3&#8243; width=&#8221;1\/3&#8243; tablet_width_inherit=&#8221;default&#8221; tablet_text_alignment=&#8221;default&#8221; phone_text_alignment=&#8221;default&#8221; animation_type=&#8221;default&#8221; bg_image_animation=&#8221;none&#8221; border_type=&#8221;simple&#8221; column_border_width=&#8221;none&#8221; column_border_style=&#8221;solid&#8221; gradient_type=&#8221;default&#8221;][toggles style=&#8221;minimal_small&#8221; accordion=&#8221;true&#8221; accordion_starting_functionality=&#8221;default&#8221;][toggle color=&#8221;Default&#8221; title=&#8221;Quina relaci\u00f3 teniu amb Escuelas San Jos\u00e9?&#8221;][vc_column_text]\u00c9s el nostre Centre adscrit, per aix\u00f2 els nostres alumnes de de les classes de 5 anys passen directament a Prim\u00e0ria sense haver de sol\u00b7licitar pla\u00e7a.[\/vc_column_text][\/toggle][toggle color=&#8221;Default&#8221; title=&#8221;Com us comuniqueu amb les fam\u00edlies?&#8221;][vc_column_text]Per agenda digital, correu, tel\u00e8fon y videoconfer\u00e8ncia[\/vc_column_text][\/toggle][toggle color=&#8221;Default&#8221; title=&#8221;Disposeu de pla de conviv\u00e8ncia?&#8221;][vc_column_text]S\u00ed, aquesta al Projecte Educatiu, <a href=\"\/wp-content\/uploads\/2022\/11\/Proyecto-Educativo-CEI-Campanar-22-23.pdf\">aqu\u00ed<\/a>[\/vc_column_text][\/toggle][toggle color=&#8221;Default&#8221; title=&#8221;Els bessons\/es, bessons\/es poden anar a la mateixa classe?&#8221;][vc_column_text] S\u00ed, encara que recomanem que vagin separats.[\/vc_column_text][\/toggle][toggle color=&#8221;Default&#8221; title=&#8221;Participen les fam\u00edlies en les activitats del centre?&#8221;][vc_column_text]S\u00ed, projectes, tallers, festes&#8230;[\/vc_column_text][\/toggle][\/toggles][\/vc_column][\/vc_row][vc_row type=&#8221;full_width_background&#8221; full_screen_row_position=&#8221;middle&#8221; column_margin=&#8221;default&#8221; equal_height=&#8221;yes&#8221; content_placement=&#8221;top&#8221; column_direction=&#8221;default&#8221; column_direction_tablet=&#8221;default&#8221; column_direction_phone=&#8221;default&#8221; bg_color=&#8221;#ffffff&#8221; bg_image=&#8221;771&#8243; bg_position=&#8221;center center&#8221; background_image_loading=&#8221;default&#8221; bg_repeat=&#8221;no-repeat&#8221; scene_position=&#8221;center&#8221; top_padding=&#8221;7%&#8221; bottom_padding=&#8221;7%&#8221; bottom_margin=&#8221;10%&#8221; text_color=&#8221;custom&#8221; custom_text_color=&#8221;#0067c4&#8243; text_align=&#8221;left&#8221; row_border_radius=&#8221;none&#8221; row_border_radius_applies=&#8221;bg&#8221; overflow=&#8221;visible&#8221; enable_gradient=&#8221;true&#8221; color_overlay=&#8221;#ffffff&#8221; color_overlay_2=&#8221;rgba(255,255,255,0.96)&#8221; advanced_gradient_angle=&#8221;0&#8243; overlay_strength=&#8221;0.95&#8243; gradient_direction=&#8221;top_to_bottom&#8221; enable_shape_divider=&#8221;true&#8221; shape_divider_position=&#8221;bottom&#8221; bg_image_animation=&#8221;none&#8221; parallax_bg=&#8221;true&#8221; parallax_bg_speed=&#8221;fast&#8221; shape_type=&#8221;curve_asym_2&#8243; gradient_type=&#8221;default&#8221;][vc_column column_padding=&#8221;padding-2-percent&#8221; column_padding_tablet=&#8221;inherit&#8221; column_padding_phone=&#8221;inherit&#8221; column_padding_position=&#8221;right&#8221; column_element_spacing=&#8221;default&#8221; background_color_opacity=&#8221;1&#8243; background_hover_color_opacity=&#8221;1&#8243; font_color=&#8221;#0067c4&#8243; column_shadow=&#8221;none&#8221; column_border_radius=&#8221;none&#8221; column_link_target=&#8221;_self&#8221; column_position=&#8221;default&#8221; advanced_gradient_angle=&#8221;0&#8243; gradient_direction=&#8221;left_to_right&#8221; overlay_strength=&#8221;0.3&#8243; width=&#8221;1\/2&#8243; tablet_width_inherit=&#8221;default&#8221; tablet_text_alignment=&#8221;default&#8221; phone_text_alignment=&#8221;default&#8221; animation_type=&#8221;default&#8221; bg_image_animation=&#8221;none&#8221; border_type=&#8221;simple&#8221; column_border_width=&#8221;none&#8221; column_border_style=&#8221;solid&#8221; gradient_type=&#8221;default&#8221;][vc_column_text css=&#8221;.vc_custom_1641708015201{margin-bottom: 30px !important;}&#8221;]\n<h3>Preguntes freq\u00fcents primer cicle<\/h3>\n[\/vc_column_text][toggles style=&#8221;minimal_small&#8221; accordion=&#8221;true&#8221; accordion_starting_functionality=&#8221;default&#8221;][toggle color=&#8221;Accent-Color&#8221; title=&#8221;Quantes classes de 1 any hi ha? i Quants nens per classe?&#8221;][vc_column_text]Tenim una classe d&#8217;un any i dotze nens i nenes a la classe.[\/vc_column_text][\/toggle][toggle color=&#8221;Accent-Color&#8221; title=&#8221;Quantes classes de 2 anys hi ha? i Quants nens per classe?&#8221;][vc_column_text]Tenim una classe de 2 anys amb divuit nens i nenes.[\/vc_column_text][\/toggle][toggle color=&#8221;Accent-Color&#8221; title=&#8221;Si el meu fill\/a entra a la classe d&#8217;1 o 2 anys, ja teniu acc\u00e9s a Jesu\u00eftes?&#8221;][vc_column_text]\n<p class=\"p1\">No, cal tornar a baremar per entrar a la classe de 3 anys.<\/p>\n[\/vc_column_text][\/toggle][toggle color=&#8221;Accent-Color&#8221; title=&#8221;A quines beques podem accedir?&#8221;][vc_column_text]\n<p class=\"p1\">Ajudes de la Conselleria: Bo infantil ( es tramita des de l&#8217;escola) Ajuts de l&#8217;Ajuntament de Val\u00e8ncia: Xec escolar i Beca de menjador( el tramiten les fam\u00edlies)<\/p>\n[\/vc_column_text][\/toggle][toggle color=&#8221;Accent-Color&#8221; title=&#8221;Dormen tots la migdiada? On dormen?&#8221;][vc_column_text]\n<p class=\"p1\">Si, dormen tots a la seva pr\u00f2pia aula en hamaques individuals.<\/p>\n[\/vc_column_text][\/toggle][\/toggles][\/vc_column][vc_column column_padding=&#8221;padding-2-percent&#8221; column_padding_tablet=&#8221;inherit&#8221; column_padding_phone=&#8221;inherit&#8221; column_padding_position=&#8221;left-right&#8221; column_element_spacing=&#8221;default&#8221; background_color_opacity=&#8221;1&#8243; background_hover_color_opacity=&#8221;1&#8243; font_color=&#8221;#0067c4&#8243; column_shadow=&#8221;none&#8221; column_border_radius=&#8221;none&#8221; column_link_target=&#8221;_self&#8221; column_position=&#8221;default&#8221; advanced_gradient_angle=&#8221;0&#8243; gradient_direction=&#8221;left_to_right&#8221; overlay_strength=&#8221;0.3&#8243; width=&#8221;1\/2&#8243; tablet_width_inherit=&#8221;default&#8221; tablet_text_alignment=&#8221;default&#8221; phone_text_alignment=&#8221;default&#8221; animation_type=&#8221;default&#8221; bg_image_animation=&#8221;none&#8221; border_type=&#8221;simple&#8221; column_border_width=&#8221;none&#8221; column_border_style=&#8221;solid&#8221; gradient_type=&#8221;default&#8221;][vc_column_text css=&#8221;.vc_custom_1641711839886{margin-bottom: 30px !important;}&#8221;]\n<h3>Preguntes freq\u00fcents segon cicle<\/h3>\n[\/vc_column_text][toggles style=&#8221;minimal_small&#8221; accordion=&#8221;true&#8221; accordion_starting_functionality=&#8221;default&#8221;][toggle color=&#8221;Accent-Color&#8221; title=&#8221;Quantes classes de 3 anys hi ha? i Quants nens per classe?&#8221;][vc_column_text]Hi ha dues classes de 3 anys i dinou alumnes per classe.[\/vc_column_text][\/toggle][toggle color=&#8221;Accent-Color&#8221; title=&#8221;Hi ha places lliures per a 4 i 5 anys?&#8221;][vc_column_text]Inicialment no, encara que aconsellem que es faci la sol\u00b7licitud per si hi ha baixes.[\/vc_column_text][\/toggle][toggle color=&#8221;Accent-Color&#8221; title=&#8221;Si el meu fill\/a entra a la classe de 3 anys, ja t\u00e9 acc\u00e9s a les Escoles Sant Josep?&#8221;][vc_column_text]S\u00ed. Si es mant\u00e9 a l&#8217;Escoleta fins als cinc anys.[\/vc_column_text][\/toggle][toggle color=&#8221;Accent-Color&#8221; title=&#8221;Si el meu fill\/A quines beques podem accedir?&#8221;][vc_column_text]Beca de menjador i beca de material, ambdues de Conselleria.[\/vc_column_text][\/toggle][\/toggles][\/vc_column][\/vc_row][vc_row type=&#8221;in_container&#8221; full_screen_row_position=&#8221;middle&#8221; column_margin=&#8221;default&#8221; column_direction=&#8221;default&#8221; column_direction_tablet=&#8221;default&#8221; column_direction_phone=&#8221;default&#8221; scene_position=&#8221;center&#8221; top_margin=&#8221;10%&#8221; bottom_margin=&#8221;10%&#8221; text_color=&#8221;dark&#8221; text_align=&#8221;left&#8221; row_border_radius=&#8221;none&#8221; row_border_radius_applies=&#8221;bg&#8221; overflow=&#8221;visible&#8221; advanced_gradient_angle=&#8221;0&#8243; overlay_strength=&#8221;0.3&#8243; gradient_direction=&#8221;left_to_right&#8221; shape_divider_position=&#8221;bottom&#8221; bg_image_animation=&#8221;none&#8221; gradient_type=&#8221;default&#8221; shape_type=&#8221;&#8221;][vc_column column_padding=&#8221;no-extra-padding&#8221; column_padding_tablet=&#8221;inherit&#8221; column_padding_phone=&#8221;inherit&#8221; column_padding_position=&#8221;all&#8221; column_element_spacing=&#8221;default&#8221; centered_text=&#8221;true&#8221; background_color_opacity=&#8221;1&#8243; background_hover_color_opacity=&#8221;1&#8243; column_shadow=&#8221;none&#8221; column_border_radius=&#8221;none&#8221; column_link_target=&#8221;_self&#8221; column_position=&#8221;default&#8221; advanced_gradient_angle=&#8221;0&#8243; gradient_direction=&#8221;left_to_right&#8221; overlay_strength=&#8221;0.3&#8243; width=&#8221;1\/1&#8243; tablet_width_inherit=&#8221;default&#8221; tablet_text_alignment=&#8221;default&#8221; phone_text_alignment=&#8221;default&#8221; animation_type=&#8221;default&#8221; bg_image_animation=&#8221;none&#8221; border_type=&#8221;simple&#8221; column_border_width=&#8221;none&#8221; column_border_style=&#8221;solid&#8221; gradient_type=&#8221;default&#8221;][image_with_animation image_url=&#8221;295&#8243; image_size=&#8221;full&#8221; animation_type=&#8221;entrance&#8221; animation=&#8221;Fade In&#8221; hover_animation=&#8221;none&#8221; alignment=&#8221;&#8221; border_radius=&#8221;none&#8221; box_shadow=&#8221;none&#8221; image_loading=&#8221;default&#8221; max_width=&#8221;100%&#8221; max_width_mobile=&#8221;default&#8221;][\/vc_column][\/vc_row][vc_row type=&#8221;in_container&#8221; full_screen_row_position=&#8221;middle&#8221; column_margin=&#8221;default&#8221; column_direction=&#8221;default&#8221; column_direction_tablet=&#8221;default&#8221; column_direction_phone=&#8221;default&#8221; scene_position=&#8221;center&#8221; text_color=&#8221;dark&#8221; text_align=&#8221;left&#8221; row_border_radius=&#8221;none&#8221; row_border_radius_applies=&#8221;bg&#8221; overflow=&#8221;visible&#8221; overlay_strength=&#8221;0.3&#8243; gradient_direction=&#8221;left_to_right&#8221; shape_divider_position=&#8221;bottom&#8221; bg_image_animation=&#8221;none&#8221;][vc_column column_padding=&#8221;no-extra-padding&#8221; column_padding_tablet=&#8221;inherit&#8221; column_padding_phone=&#8221;inherit&#8221; column_padding_position=&#8221;all&#8221; column_element_spacing=&#8221;default&#8221; background_color_opacity=&#8221;1&#8243; background_hover_color_opacity=&#8221;1&#8243; column_shadow=&#8221;none&#8221; column_border_radius=&#8221;none&#8221; column_link_target=&#8221;_self&#8221; column_position=&#8221;default&#8221; gradient_direction=&#8221;left_to_right&#8221; overlay_strength=&#8221;0.3&#8243; width=&#8221;1\/1&#8243; tablet_width_inherit=&#8221;default&#8221; tablet_text_alignment=&#8221;default&#8221; phone_text_alignment=&#8221;default&#8221; animation_type=&#8221;default&#8221; bg_image_animation=&#8221;none&#8221; border_type=&#8221;simple&#8221; column_border_width=&#8221;none&#8221; column_border_style=&#8221;solid&#8221;][vc_column_text]\n<p>I am text block. Click edit button to change this text. Lorem ipsum dolor sit amet, consectetur adipiscing elit. Ut elit tellus, luctus nec ullamcorper mattis, pulvinar dapibus leo.<\/p>\n[\/vc_column_text][\/vc_column][\/vc_row]\n","protected":false},"excerpt":{"rendered":"<p>[vc_row type=&#8221;full_width_background&#8221; full_screen_row_position=&#8221;middle&#8221; column_margin=&#8221;default&#8221; equal_height=&#8221;yes&#8221; content_placement=&#8221;top&#8221; column_direction=&#8221;default&#8221; column_direction_tablet=&#8221;default&#8221; column_direction_phone=&#8221;default&#8221; bg_color=&#8221;#0067c4&#8243; bg_image=&#8221;754&#8243; bg_position=&#8221;center center&#8221; background_image_loading=&#8221;default&#8221; bg_repeat=&#8221;no-repeat&#8221; scene_position=&#8221;center&#8221; top_padding=&#8221;7%&#8221; bottom_padding=&#8221;7%&#8221; text_color=&#8221;light&#8221; text_align=&#8221;left&#8221; row_border_radius=&#8221;none&#8221; row_border_radius_applies=&#8221;bg&#8221; overflow=&#8221;visible&#8221; enable_gradient=&#8221;true&#8221; color_overlay=&#8221;#0067c4&#8243; color_overlay_2=&#8221;rgba(0,103,196,0.96)&#8221; advanced_gradient_angle=&#8221;0&#8243; overlay_strength=&#8221;0.95&#8243; gradient_direction=&#8221;top_to_bottom&#8221; shape_divider_position=&#8221;bottom&#8221;&#8230;<\/p>\n","protected":false},"author":1,"featured_media":0,"parent":0,"menu_order":0,"comment_status":"closed","ping_status":"closed","template":"","meta":{"_seopress_robots_primary_cat":"","_seopress_titles_title":"","_seopress_titles_desc":"","_seopress_robots_index":"","footnotes":""},"class_list":["post-819","page","type-page","status-publish"],"_links":{"self":[{"href":"https:\/\/laescoleta.com\/ca\/wp-json\/wp\/v2\/pages\/819\/"}],"collection":[{"href":"https:\/\/laescoleta.com\/ca\/wp-json\/wp\/v2\/pages\/"}],"about":[{"href":"https:\/\/laescoleta.com\/ca\/wp-json\/wp\/v2\/types\/page\/"}],"author":[{"embeddable":true,"href":"https:\/\/laescoleta.com\/ca\/wp-json\/wp\/v2\/users\/1\/"}],"replies":[{"embeddable":true,"href":"https:\/\/laescoleta.com\/ca\/wp-json\/wp\/v2\/comments\/?post=819"}],"version-history":[{"count":8,"href":"https:\/\/laescoleta.com\/ca\/wp-json\/wp\/v2\/pages\/819\/revisions\/"}],"predecessor-version":[{"id":1298,"href":"https:\/\/laescoleta.com\/ca\/wp-json\/wp\/v2\/pages\/819\/revisions\/1298\/"}],"wp:attachment":[{"href":"https:\/\/laescoleta.com\/ca\/wp-json\/wp\/v2\/media\/?parent=819"}],"curies":[{"name":"wp","href":"https:\/\/api.w.org\/{rel}","templated":true}]}}